{"id":85,"date":"2017-06-09T09:54:31","date_gmt":"2017-06-09T09:54:31","guid":{"rendered":"http:\/\/battreehabitatkey.co.uk\/?page_id=85"},"modified":"2025-11-17T15:54:56","modified_gmt":"2025-11-17T15:54:56","slug":"reference","status":"publish","type":"page","link":"http:\/\/battreehabitatkey.co.uk\/?page_id=85","title":{"rendered":"Reference"},"content":{"rendered":"<p><a href=\"https:\/\/drive.google.com\/file\/d\/1wQDVWG_o3ykM9VUIa4OUnHv-SNPn0FfJ\/view?usp=sharing\">BPSA &#8211; Word report<\/a><\/p>\n<p><a href=\"https:\/\/docs.google.com\/spreadsheets\/d\/1dsWMYZ4DrH_im965Jmx2Upc96dbezh7Q\/edit?usp=sharing&amp;ouid=109434333786132671140&amp;rtpof=true&amp;sd=true\">BPSA &#8211; Spreadsheet<\/a><\/p>\n<p><a href=\"https:\/\/drive.google.com\/open?id=1T1XX4whleYBZD_Z8zlm8IGJPSwVB-A3q\">BTHK &#8211; Due-diligence safeguarding strategy &#8211; Pollard willow &#8211; 21-09-18 &#8211; v.2<\/a><\/p>\n<p><a href=\"https:\/\/drive.google.com\/file\/d\/1DeGHxyr9-p5XH6R6CRimsmquVD188WY8\/view?usp=sharing\">BTHK &#8211; Review of emergence and return empirical data &#8211; 06-04-22 &#8211; v.6<\/a><\/p>\n<p><a href=\"https:\/\/docs.google.com\/document\/d\/1AWePdBpWpT4SfAH1r3A2AZIUN-3179Ul\/edit?usp=share_link&amp;ouid=109434333786132671140&amp;rtpof=true&amp;sd=true\">BTHK &#8211; Tree-roost recording form pack &#8211; 22-03-23<\/a><\/p>\n<p><a href=\"https:\/\/drive.google.com\/file\/d\/1ASJwXz8-Drbzd7n16I7Q1OCk8D9a0M0P\/view?usp=sharing\">BTHK &#8211; A summary of 10 nights sampling of a male noctule <em>Nyctalus noctula<\/em> emitting Advertisement Calls from a grey squirrel <em>Sciurus carolinensis<\/em> hole in a sessile oak <em>Quercus petraea<\/em> standard &#8211;\u00a0Suggestions for a walked transect using a hand-held ultrasound recorder<\/a><\/p>\n<p><a href=\"https:\/\/drive.google.com\/file\/d\/1RFMhvAVADXFZrVRApwGMiVa28Pk6h4Pp\/view?usp=sharing\">BTHK &#8211; Noctule <em>Nyctalus noctula<\/em> mating roost film<\/a><\/p>\n<p><a href=\"https:\/\/drive.google.com\/file\/d\/1jFvpBOBI_MqnyqiuE59TCvM7O1t-fro4\/view?usp=sharing\">BTHK \u2013 Noctules <em>Nyctalus noctula<\/em> chattering heard through a hand-held bat detector with a speaker<\/a><\/p>\n<p><a href=\"https:\/\/drive.google.com\/file\/d\/1wbEBblx5qYGDp0_1KgMEmkFCR5rYyYzh\/view?usp=sharing\">BTHK \u2013 Noctules <em>Nyctalus noctula<\/em> chattering heard without the use of a detector<\/a><\/p>\n<p><a href=\"https:\/\/drive.google.com\/file\/d\/1Y653OrB78k0eVhJaIK2xQecOnhRWKCBc\/view?usp=sharing\">Beck von A &amp; Schorcht W 2005. Baumh\u00f6hlenquartiere des Kleinabendseglers (<em>Nyctalus leisleri<\/em>) in S\u00fcdth\u00fcringen und der Nordschweiz. <em>Nyctalus<\/em> 10: 250-254<\/a><\/p>\n<p><a href=\"http:\/\/battreehabitatkey.co.uk\/wp-content\/uploads\/2017\/06\/Dietz-M-Schieber-K-Mehl-Rouschal-C-2013.-H\u00f6hlenb\u00e4ume-im-urbanum-raum-Teil-2-\u2013-Leitfaden.-Der-Magistrat-der-Stadt-am-Main-Umweltamt-Untere.pdf\">Dietz M, Schieber K &amp; Mehl-Rouschal C 2013. H\u00f6hlenb\u00e4ume im urbanum raum Teil 2 \u2013 Leitfaden. Der Magistrat der Stadt am Main, Umweltamt, Untere<\/a><\/p>\n<p><a href=\"https:\/\/drive.google.com\/file\/d\/1n0MDIlvNS4cmZKbAV9JqQtTYW2PuXoRw\/view?usp=share_link\">Hammer M, Pfeiffer B &amp; Zahn A 2022. <em>Fledermausbaum in Ingolstadt<\/em>. Fledermausrundbrief der Koordinations-stellen f\u00fcr Fledermausschutz 39: 8-11<\/a><\/p>\n<p><a href=\"http:\/\/battreehabitatkey.co.uk\/wp-content\/uploads\/2017\/06\/P\u00e9nicaud-P-2000.-Chauves-souris-arboricoles-en-Bretagne-France-typologie-de-60-arbres-g\u00eetes-et-\u00e9l\u00e9ments-de-l\u2019\u00e9cologie-des-esp\u00e8ces-observes..pdf\">P\u00e9nicaud P 2000. Chauves-souris arboricoles en Bretagne (France) typologie de 60 arbres-g\u00eetes et \u00e9l\u00e9ments de l\u2019\u00e9cologie des esp\u00e8ces observes.<\/a><\/p>\n<p><a href=\"https:\/\/drive.google.com\/file\/d\/1NRKbTH8yrZydqmj5oYYc6HTp8-kgEvsz\/view?usp=sharing\">Zahn V &amp; Maier S 1997.\u00a0Jagdaktivit\u00e4t von Flederm\u00e4usen an B\u00e4chen und Teichen. <em>Z. S\u00e4ugetierkunde<\/em> 62: 111<\/a><\/p>\n\n\n<p class=\"has-text-align-left\"><a href=\"https:\/\/rfs.org.uk\/wp-content\/uploads\/2023\/07\/Harrington-Jul-2023-QJF.pdf\" data-type=\"link\" data-id=\"https:\/\/rfs.org.uk\/wp-content\/uploads\/2023\/07\/Harrington-Jul-2023-QJF.pdf\">Harrington A &amp; Harrington L 2023. Use of trees by bats in the UK: implications for forestry and woodland management <\/a><\/p>\n\n\n\n<p><\/p>\n","protected":false},"excerpt":{"rendered":"<p>BPSA &#8211; Word report BPSA &#8211; Spreadsheet BTHK &#8211; Due-diligence safeguarding strategy &#8211; Pollard willow &#8211; 21-09-18 &#8211; v.2 BTHK &#8211; Review of emergence and return empirical data &#8211; 06-04-22 &#8211; v.6 BTHK &#8211; Tree-roost recording form pack &#8211; 22-03-23 BTHK &#8211; A summary of 10 nights sampling of a male noctule Nyctalus noctula emitting&hellip;<\/p>\n<p class=\"more-link\"><a href=\"http:\/\/battreehabitatkey.co.uk\/?page_id=85\" class=\"themebutton\">Read More<\/a><\/p>\n","protected":false},"author":2,"featured_media":0,"parent":0,"menu_order":0,"comment_status":"closed","ping_status":"closed","template":"","meta":{"footnotes":""},"_links":{"self":[{"href":"http:\/\/battreehabitatkey.co.uk\/index.php?rest_route=\/wp\/v2\/pages\/85"}],"collection":[{"href":"http:\/\/battreehabitatkey.co.uk\/index.php?rest_route=\/wp\/v2\/pages"}],"about":[{"href":"http:\/\/battreehabitatkey.co.uk\/index.php?rest_route=\/wp\/v2\/types\/page"}],"author":[{"embeddable":true,"href":"http:\/\/battreehabitatkey.co.uk\/index.php?rest_route=\/wp\/v2\/users\/2"}],"replies":[{"embeddable":true,"href":"http:\/\/battreehabitatkey.co.uk\/index.php?rest_route=%2Fwp%2Fv2%2Fcomments&post=85"}],"version-history":[{"count":37,"href":"http:\/\/battreehabitatkey.co.uk\/index.php?rest_route=\/wp\/v2\/pages\/85\/revisions"}],"predecessor-version":[{"id":375,"href":"http:\/\/battreehabitatkey.co.uk\/index.php?rest_route=\/wp\/v2\/pages\/85\/revisions\/375"}],"wp:attachment":[{"href":"http:\/\/battreehabitatkey.co.uk\/index.php?rest_route=%2Fwp%2Fv2%2Fmedia&parent=85"}],"curies":[{"name":"wp","href":"https:\/\/api.w.org\/{rel}","templated":true}]}}